{"id":1020,"date":"2018-07-03T08:36:54","date_gmt":"2018-07-03T08:36:54","guid":{"rendered":"http:\/\/yogacristallo.it\/altre-proposte\/"},"modified":"2018-09-20T14:00:17","modified_gmt":"2018-09-20T14:00:17","slug":"other-proposal","status":"publish","type":"page","link":"https:\/\/yogacristallo.it\/en\/other-proposal\/","title":{"rendered":"Other proposal"},"content":{"rendered":"\n<style type=\"text\/css\" data-created_by=\"avia_inline_auto\" id=\"style-css-av-jj8d0zef-532cf2e984f9f0ae665f684cd5da2ea5\">\n.avia-section.av-jj8d0zef-532cf2e984f9f0ae665f684cd5da2ea5 .av-parallax .av-parallax-inner{\nbackground-repeat:no-repeat;\nbackground-image:url(https:\/\/yogacristallo.it\/wp-content\/uploads\/2018\/07\/Yoga-Cristallo_bg-corsireiki.jpg);\nbackground-position:50% 50%;\nbackground-attachment:scroll;\n}\n<\/style>\n<div id='av_section_1'  class='avia-section av-jj8d0zef-532cf2e984f9f0ae665f684cd5da2ea5 main_color avia-section-default avia-no-border-styling  avia-builder-el-0  el_before_av_one_full  avia-builder-el-first  avia-full-stretch av-parallax-section avia-bg-style-parallax av-minimum-height av-minimum-height-25 av-height-25  container_wrap fullsize'  data-section-bg-repeat='stretch' data-av_minimum_height_pc='25' data-av_min_height_opt='25'><div class='av-parallax' data-avia-parallax-ratio='0.3' ><div class='av-parallax-inner main_color avia-full-stretch'><\/div><\/div><div class='container av-section-cont-open' ><main  role=\"main\" itemprop=\"mainContentOfPage\"  class='template-page content  av-content-full alpha units'><div class='post-entry post-entry-type-page post-entry-1020'><div class='entry-content-wrapper clearfix'>\n\n<style type=\"text\/css\" data-created_by=\"avia_inline_auto\" id=\"style-css-av-1d93a-305e5b6acd67df32ba7e03d9c9381123\">\n.flex_column.av-1d93a-305e5b6acd67df32ba7e03d9c9381123{\nborder-radius:0px 0px 0px 0px;\npadding:0px 0px 0px 0px;\n}\n<\/style>\n<div  class='flex_column av-1d93a-305e5b6acd67df32ba7e03d9c9381123 av_one_full  avia-builder-el-1  avia-builder-el-no-sibling  first flex_column_div av-animated-generic fade-in av-zero-column-padding  '     ><style type=\"text\/css\" data-created_by=\"avia_inline_auto\" id=\"style-css-av-jman84wx-857c0a5499684f11878540dad79390d6\">\n#top .av-special-heading.av-jman84wx-857c0a5499684f11878540dad79390d6{\npadding-bottom:0;\ncolor:#ffffff;\n}\nbody .av-special-heading.av-jman84wx-857c0a5499684f11878540dad79390d6 .av-special-heading-tag .heading-char{\nfont-size:25px;\n}\n.av-special-heading.av-jman84wx-857c0a5499684f11878540dad79390d6 .special-heading-inner-border{\nborder-color:#ffffff;\n}\n.av-special-heading.av-jman84wx-857c0a5499684f11878540dad79390d6 .av-subheading{\nfont-size:15px;\n}\n<\/style>\n<div  class='av-special-heading av-jman84wx-857c0a5499684f11878540dad79390d6 av-special-heading-h1 custom-color-heading blockquote modern-quote modern-centered  avia-builder-el-2  avia-builder-el-no-sibling '><h1 class='av-special-heading-tag'  itemprop=\"headline\"  >Other proposal<\/h1><div class=\"special-heading-border\"><div class=\"special-heading-inner-border\"><\/div><\/div><\/div><\/div><\/div><\/div><\/main><!-- close content main element --><\/div><\/div><div id='after_section_1'  class='main_color av_default_container_wrap container_wrap fullsize'  ><div class='container av-section-cont-open' ><div class='template-page content  av-content-full alpha units'><div class='post-entry post-entry-type-page post-entry-1020'><div class='entry-content-wrapper clearfix'>\n<style type=\"text\/css\" data-created_by=\"avia_inline_auto\" id=\"style-css-av-10hfu-adcb67d8d00e14d07a2344db927f6478\">\n.flex_column.av-10hfu-adcb67d8d00e14d07a2344db927f6478{\nborder-radius:0px 0px 0px 0px;\npadding:0px 0px 0px 0px;\n}\n<\/style>\n<div  class='flex_column av-10hfu-adcb67d8d00e14d07a2344db927f6478 av_one_full  avia-builder-el-3  el_after_av_section  el_before_av_one_half  avia-builder-el-first  first av-break-at-tablet flex_column_div av-animated-generic fade-in av-zero-column-padding  '     ><p>\n<style type=\"text\/css\" data-created_by=\"avia_inline_auto\" id=\"style-css-av-jje1zv0k-8b67a5d6ff280c31392f8a862d9c1a56\">\n#top .av-special-heading.av-jje1zv0k-8b67a5d6ff280c31392f8a862d9c1a56{\npadding-bottom:0;\n}\nbody .av-special-heading.av-jje1zv0k-8b67a5d6ff280c31392f8a862d9c1a56 .av-special-heading-tag .heading-char{\nfont-size:25px;\n}\n.av-special-heading.av-jje1zv0k-8b67a5d6ff280c31392f8a862d9c1a56 .av-subheading{\nfont-size:15px;\n}\n<\/style>\n<div  class='av-special-heading av-jje1zv0k-8b67a5d6ff280c31392f8a862d9c1a56 av-special-heading-h5 blockquote modern-quote  avia-builder-el-4  el_before_av_textblock  avia-builder-el-first '><h5 class='av-special-heading-tag'  itemprop=\"headline\"  >Reiki<\/h5><div class=\"special-heading-border\"><div class=\"special-heading-inner-border\"><\/div><\/div><\/div><br \/>\n<section  class='av_textblock_section av-jix58caj-dcaf6ef4268fb6080c4272a1655f58b9 '   itemscope=\"itemscope\" itemtype=\"https:\/\/schema.org\/CreativeWork\" ><div class='avia_textblock'  itemprop=\"text\" ><p>Se volessimo dare una definizione del reiki potremmo dire che si tratta di amore universale e di energia pura. Il reiki, \u00e8 una tecnica di guarigione fisica e spirituale, si avvale per i suoi fini dell\u2019energia che fluisce liberamente nell\u2019universo, trasmettendola l\u00e0 dove, per i pi\u00f9 svariati motivi, essa viene a mancare.<br \/>\nCome molte terapie orientali, anche il reiki parte dal presupposto che nell\u2019universo scorra una corrente energetica che pervade tutto ci\u00f2 che vi \u00e8 presente; un\u2019energia che assume vari nomi a seconda delle diverse culture (ki in Giappone, qi in Cina, prana in India e cos\u00ec via).<br \/>\nSebbene il reiki non pensi all\u2019essere umano come a un semplice meccanismo, l\u2019organismo umano funziona in modo in un certo senso simile; cos\u00ec, gli scompensi energetici provocano le malattie, disturbi fisici che solo apparentemente sono tali, e che in realt\u00e0 sono provocati da stress, preoccupazione, ansia&#8230;<br \/>\nIl reiki interviene per ristabilire i livelli energetici. Il terapeuta reiki agisce come un \u201ccanale\u201d di scorrimento dell\u2019energia universale, facendola fluire dentro di s\u00e9 e trasferendola nel ricevente tramite la semplice imposizione delle mani sul suo corpo. Perci\u00f2 possiamo affermare che il reiki \u00e8 una terapia naturale: si limita infatti a fare uso di ci\u00f2 che \u00e8 gi\u00e0 presente in natura.<\/p>\n<\/div><\/section><\/p><\/div><\/p>\n<div class='flex_column_table av-10hfu-cc45af1436318aa02e0925995a80a459 sc-av_one_half av-break-at-tablet-flextable av-equal-height-column-flextable'>\n<style type=\"text\/css\" data-created_by=\"avia_inline_auto\" id=\"style-css-av-10hfu-cc45af1436318aa02e0925995a80a459\">\n.flex_column.av-10hfu-cc45af1436318aa02e0925995a80a459{\nborder-radius:0px 0px 0px 0px;\npadding:0px 0px 0px 0px;\n}\n<\/style>\n<div  class='flex_column av-10hfu-cc45af1436318aa02e0925995a80a459 av_one_half  avia-builder-el-6  el_after_av_one_full  el_before_av_one_half  first av-break-at-tablet flex_column_table_cell av-equal-height-column av-align-middle av-animated-generic fade-in av-zero-column-padding  column-top-margin'     ><p>\n<style type=\"text\/css\" data-created_by=\"avia_inline_auto\" id=\"style-css-av-jjimnh1v-927d3cd14d143e583d98c8661b8223d6\">\n#top .av-special-heading.av-jjimnh1v-927d3cd14d143e583d98c8661b8223d6{\npadding-bottom:0;\n}\nbody .av-special-heading.av-jjimnh1v-927d3cd14d143e583d98c8661b8223d6 .av-special-heading-tag .heading-char{\nfont-size:25px;\n}\n.av-special-heading.av-jjimnh1v-927d3cd14d143e583d98c8661b8223d6 .av-subheading{\nfont-size:15px;\n}\n<\/style>\n<div  class='av-special-heading av-jjimnh1v-927d3cd14d143e583d98c8661b8223d6 av-special-heading-h5 blockquote modern-quote  avia-builder-el-7  el_before_av_textblock  avia-builder-el-first '><h5 class='av-special-heading-tag'  itemprop=\"headline\"  >I 5 principi del Reiki<\/h5><div class=\"special-heading-border\"><div class=\"special-heading-inner-border\"><\/div><\/div><\/div><br \/>\n<section  class='av_textblock_section av-jix58caj-dcaf6ef4268fb6080c4272a1655f58b9 '   itemscope=\"itemscope\" itemtype=\"https:\/\/schema.org\/CreativeWork\" ><div class='avia_textblock'  itemprop=\"text\" ><ul>\n<li>Solo per oggi non ti arrabbiare<\/li>\n<li>Solo per oggi non ti preoccupare<\/li>\n<li>Sii umile<\/li>\n<li>Sii onesto nel tuo lavoro<\/li>\n<li>Onora i tuoi maestri, genitori, anziani e sii grato nei confronti di tutto ci\u00f2 che vive.<\/li>\n<\/ul>\n<\/div><\/section><\/p><\/div>\n<div class='av-flex-placeholder'><\/div>\n<style type=\"text\/css\" data-created_by=\"avia_inline_auto\" id=\"style-css-av-10hfu-73a5e4bc9cc1fa0f03e9a1ec4d9a732f\">\n.flex_column.av-10hfu-73a5e4bc9cc1fa0f03e9a1ec4d9a732f{\nborder-radius:0px 0px 0px 0px;\npadding:0px 0px 0px 0px;\n}\n<\/style>\n<div  class='flex_column av-10hfu-73a5e4bc9cc1fa0f03e9a1ec4d9a732f av_one_half  avia-builder-el-9  el_after_av_one_half  el_before_av_section  avia-builder-el-last  av-break-at-tablet flex_column_table_cell av-equal-height-column av-align-middle av-animated-generic fade-in av-zero-column-padding  column-top-margin'     ><style type=\"text\/css\" data-created_by=\"avia_inline_auto\" id=\"style-css-av-jj8dis6q-6ead44a564b6232ad5f397c42c30e5c1\">\n.avia-image-container.av-jj8dis6q-6ead44a564b6232ad5f397c42c30e5c1 img.avia_image{\nbox-shadow:none;\n}\n.avia-image-container.av-jj8dis6q-6ead44a564b6232ad5f397c42c30e5c1 .av-image-caption-overlay-center{\ncolor:#ffffff;\n}\n<\/style>\n<div  class='avia-image-container av-jj8dis6q-6ead44a564b6232ad5f397c42c30e5c1 av-styling- avia-align-center  avia-builder-el-10  avia-builder-el-no-sibling '   itemprop=\"image\" itemscope=\"itemscope\" itemtype=\"https:\/\/schema.org\/ImageObject\" ><div class=\"avia-image-container-inner\"><div class=\"avia-image-overlay-wrap\"><img decoding=\"async\" fetchpriority=\"high\" class='wp-image-479 avia-img-lazy-loading-not-479 avia_image ' src=\"https:\/\/yogacristallo.it\/wp-content\/uploads\/2018\/07\/Yoga-Cristallo_corsi-altri-1.jpg\" alt='' title='Yoga-Cristallo_corsi-altri'  height=\"833\" width=\"850\"  itemprop=\"thumbnailUrl\" srcset=\"https:\/\/yogacristallo.it\/wp-content\/uploads\/2018\/07\/Yoga-Cristallo_corsi-altri-1.jpg 850w, https:\/\/yogacristallo.it\/wp-content\/uploads\/2018\/07\/Yoga-Cristallo_corsi-altri-1-300x294.jpg 300w, https:\/\/yogacristallo.it\/wp-content\/uploads\/2018\/07\/Yoga-Cristallo_corsi-altri-1-768x753.jpg 768w, https:\/\/yogacristallo.it\/wp-content\/uploads\/2018\/07\/Yoga-Cristallo_corsi-altri-1-36x36.jpg 36w, https:\/\/yogacristallo.it\/wp-content\/uploads\/2018\/07\/Yoga-Cristallo_corsi-altri-1-705x691.jpg 705w, https:\/\/yogacristallo.it\/wp-content\/uploads\/2018\/07\/Yoga-Cristallo_corsi-altri-1-450x441.jpg 450w\" sizes=\"(max-width: 850px) 100vw, 850px\" \/><\/div><\/div><\/div><\/div><\/div><!--close column table wrapper. Autoclose: 1 -->\n<\/div><\/div><\/div><!-- close content main div --><\/div><\/div>\n<style type=\"text\/css\" data-created_by=\"avia_inline_auto\" id=\"style-css-av-jja5ncwa-c1aad0eb29ff3dc0257e30449e4c374a\">\n.avia-section.av-jja5ncwa-c1aad0eb29ff3dc0257e30449e4c374a{\nbackground-color:#f1f2f2;\nbackground-image:unset;\n}\n<\/style>\n<div id='av_section_2'  class='avia-section av-jja5ncwa-c1aad0eb29ff3dc0257e30449e4c374a main_color avia-section-default avia-no-border-styling  avia-builder-el-11  el_after_av_one_half  el_before_av_one_full  avia-bg-style-scroll container_wrap fullsize'  ><div class='container av-section-cont-open' ><div class='template-page content  av-content-full alpha units'><div class='post-entry post-entry-type-page post-entry-1020'><div class='entry-content-wrapper clearfix'>\n\n<style type=\"text\/css\" data-created_by=\"avia_inline_auto\" id=\"style-css-av-10hfu-adcb67d8d00e14d07a2344db927f6478\">\n.flex_column.av-10hfu-adcb67d8d00e14d07a2344db927f6478{\nborder-radius:0px 0px 0px 0px;\npadding:0px 0px 0px 0px;\n}\n<\/style>\n<div  class='flex_column av-10hfu-adcb67d8d00e14d07a2344db927f6478 av_one_full  avia-builder-el-12  el_before_av_one_third  avia-builder-el-first  first av-break-at-tablet flex_column_div av-animated-generic fade-in av-zero-column-padding  '     ><style type=\"text\/css\" data-created_by=\"avia_inline_auto\" id=\"style-css-av-7h23e-b91a5e2d39404b9227b1a838aafb39c0\">\n#top .av-special-heading.av-7h23e-b91a5e2d39404b9227b1a838aafb39c0{\npadding-bottom:0;\n}\nbody .av-special-heading.av-7h23e-b91a5e2d39404b9227b1a838aafb39c0 .av-special-heading-tag .heading-char{\nfont-size:25px;\n}\n.av-special-heading.av-7h23e-b91a5e2d39404b9227b1a838aafb39c0 .av-subheading{\nfont-size:15px;\n}\n<\/style>\n<div  class='av-special-heading av-7h23e-b91a5e2d39404b9227b1a838aafb39c0 av-special-heading-h5 blockquote modern-quote  avia-builder-el-13  avia-builder-el-no-sibling '><h5 class='av-special-heading-tag'  itemprop=\"headline\"  >I tre livelli del Reiki<\/h5><div class=\"special-heading-border\"><div class=\"special-heading-inner-border\"><\/div><\/div><\/div><\/div>\n<style type=\"text\/css\" data-created_by=\"avia_inline_auto\" id=\"style-css-av-10hfu-adcb67d8d00e14d07a2344db927f6478\">\n.flex_column.av-10hfu-adcb67d8d00e14d07a2344db927f6478{\nborder-radius:0px 0px 0px 0px;\npadding:0px 0px 0px 0px;\n}\n<\/style>\n<div  class='flex_column av-10hfu-adcb67d8d00e14d07a2344db927f6478 av_one_third  avia-builder-el-14  el_after_av_one_full  el_before_av_one_third  first av-break-at-tablet flex_column_div av-animated-generic fade-in av-zero-column-padding  column-top-margin'     ><p>\n<style type=\"text\/css\" data-created_by=\"avia_inline_auto\" id=\"style-css-av-jje20ir6-0681672b657822181692fbcc383501ee\">\n#top .av-special-heading.av-jje20ir6-0681672b657822181692fbcc383501ee{\npadding-bottom:0;\n}\nbody .av-special-heading.av-jje20ir6-0681672b657822181692fbcc383501ee .av-special-heading-tag .heading-char{\nfont-size:25px;\n}\n.av-special-heading.av-jje20ir6-0681672b657822181692fbcc383501ee .av-subheading{\nfont-size:15px;\n}\n<\/style>\n<div  class='av-special-heading av-jje20ir6-0681672b657822181692fbcc383501ee av-special-heading-h6 blockquote modern-quote  avia-builder-el-15  el_before_av_textblock  avia-builder-el-first '><h6 class='av-special-heading-tag'  itemprop=\"headline\"  >1\u00b0 livello<\/h6><div class=\"special-heading-border\"><div class=\"special-heading-inner-border\"><\/div><\/div><\/div><br \/>\n<section  class='av_textblock_section av-jix58caj-dcaf6ef4268fb6080c4272a1655f58b9 '   itemscope=\"itemscope\" itemtype=\"https:\/\/schema.org\/CreativeWork\" ><div class='avia_textblock'  itemprop=\"text\" ><p>Permette di intervenire su tutti i tipi di disfunzioni fisiche e, naturalmente funziona anche a livello psichico e spirituale. I trattamenti sono fatti imponendo le mani direttamente sul corpo del ricevente.<\/p>\n<\/div><\/section><\/p><\/div>\n<style type=\"text\/css\" data-created_by=\"avia_inline_auto\" id=\"style-css-av-10hfu-c5b35143513cb18bc3363dd9631682aa\">\n.flex_column.av-10hfu-c5b35143513cb18bc3363dd9631682aa{\nborder-radius:0px 0px 0px 0px;\npadding:0px 0px 0px 0px;\n}\n<\/style>\n<div  class='flex_column av-10hfu-c5b35143513cb18bc3363dd9631682aa av_one_third  avia-builder-el-17  el_after_av_one_third  el_before_av_one_third  av-break-at-tablet flex_column_div av-animated-generic fade-in av-zero-column-padding  column-top-margin'     ><p>\n<style type=\"text\/css\" data-created_by=\"avia_inline_auto\" id=\"style-css-av-jje20l6z-16ec7ee6312848766c7fc8720d3833c0\">\n#top .av-special-heading.av-jje20l6z-16ec7ee6312848766c7fc8720d3833c0{\npadding-bottom:0;\n}\nbody .av-special-heading.av-jje20l6z-16ec7ee6312848766c7fc8720d3833c0 .av-special-heading-tag .heading-char{\nfont-size:25px;\n}\n.av-special-heading.av-jje20l6z-16ec7ee6312848766c7fc8720d3833c0 .av-subheading{\nfont-size:15px;\n}\n<\/style>\n<div  class='av-special-heading av-jje20l6z-16ec7ee6312848766c7fc8720d3833c0 av-special-heading-h6 blockquote modern-quote  avia-builder-el-18  el_before_av_textblock  avia-builder-el-first '><h6 class='av-special-heading-tag'  itemprop=\"headline\"  >2\u00b0 livello<\/h6><div class=\"special-heading-border\"><div class=\"special-heading-inner-border\"><\/div><\/div><\/div><br \/>\n<section  class='av_textblock_section av-jix58caj-dcaf6ef4268fb6080c4272a1655f58b9 '   itemscope=\"itemscope\" itemtype=\"https:\/\/schema.org\/CreativeWork\" ><div class='avia_textblock'  itemprop=\"text\" ><p>Consente di effettuare i trattamenti a distanza, telepaticamente, e di intervenire in modo pi\u00f9 profondo e mirato sulla psiche e sui corpi sottili (primi 3 simboli).<\/p>\n<\/div><\/section><\/p><\/div>\n<style type=\"text\/css\" data-created_by=\"avia_inline_auto\" id=\"style-css-av-10hfu-c5b35143513cb18bc3363dd9631682aa\">\n.flex_column.av-10hfu-c5b35143513cb18bc3363dd9631682aa{\nborder-radius:0px 0px 0px 0px;\npadding:0px 0px 0px 0px;\n}\n<\/style>\n<div  class='flex_column av-10hfu-c5b35143513cb18bc3363dd9631682aa av_one_third  avia-builder-el-20  el_after_av_one_third  avia-builder-el-last  av-break-at-tablet flex_column_div av-animated-generic fade-in av-zero-column-padding  column-top-margin'     ><p>\n<style type=\"text\/css\" data-created_by=\"avia_inline_auto\" id=\"style-css-av-jje20o3c-ed2ad222155ae915ab4fde491fb29407\">\n#top .av-special-heading.av-jje20o3c-ed2ad222155ae915ab4fde491fb29407{\npadding-bottom:0;\n}\nbody .av-special-heading.av-jje20o3c-ed2ad222155ae915ab4fde491fb29407 .av-special-heading-tag .heading-char{\nfont-size:25px;\n}\n.av-special-heading.av-jje20o3c-ed2ad222155ae915ab4fde491fb29407 .av-subheading{\nfont-size:15px;\n}\n<\/style>\n<div  class='av-special-heading av-jje20o3c-ed2ad222155ae915ab4fde491fb29407 av-special-heading-h6 blockquote modern-quote  avia-builder-el-21  el_before_av_textblock  avia-builder-el-first '><h6 class='av-special-heading-tag'  itemprop=\"headline\"  >3\u00b0 livello<\/h6><div class=\"special-heading-border\"><div class=\"special-heading-inner-border\"><\/div><\/div><\/div><br \/>\n<section  class='av_textblock_section av-jix58caj-dcaf6ef4268fb6080c4272a1655f58b9 '   itemscope=\"itemscope\" itemtype=\"https:\/\/schema.org\/CreativeWork\" ><div class='avia_textblock'  itemprop=\"text\" ><p>Insegna i rituali e il simbolo per poter attivare le altre persone, cio\u00e8 come diventare master.<\/p>\n<\/div><\/section><\/p><\/div>\n<\/div><\/div><\/div><!-- close content main div --><\/div><\/div><div id='after_section_2'  class='main_color av_default_container_wrap container_wrap fullsize'  ><div class='container av-section-cont-open' ><div class='template-page content  av-content-full alpha units'><div class='post-entry post-entry-type-page post-entry-1020'><div class='entry-content-wrapper clearfix'>\n\n<style type=\"text\/css\" data-created_by=\"avia_inline_auto\" id=\"style-css-av-10hfu-adcb67d8d00e14d07a2344db927f6478\">\n.flex_column.av-10hfu-adcb67d8d00e14d07a2344db927f6478{\nborder-radius:0px 0px 0px 0px;\npadding:0px 0px 0px 0px;\n}\n<\/style>\n<div  class='flex_column av-10hfu-adcb67d8d00e14d07a2344db927f6478 av_one_full  avia-builder-el-23  el_after_av_section  avia-builder-el-no-sibling  first av-break-at-tablet flex_column_div av-animated-generic fade-in av-zero-column-padding  '     ><style type=\"text\/css\" data-created_by=\"avia_inline_auto\" id=\"style-css-av-jje1zd36-ea5f89580a13088db8b1156e3ed43155\">\n#top .av-special-heading.av-jje1zd36-ea5f89580a13088db8b1156e3ed43155{\npadding-bottom:0;\n}\nbody .av-special-heading.av-jje1zd36-ea5f89580a13088db8b1156e3ed43155 .av-special-heading-tag .heading-char{\nfont-size:25px;\n}\n.av-special-heading.av-jje1zd36-ea5f89580a13088db8b1156e3ed43155 .av-subheading{\nfont-size:15px;\n}\n<\/style>\n<div  class='av-special-heading av-jje1zd36-ea5f89580a13088db8b1156e3ed43155 av-special-heading-h6 blockquote modern-quote  avia-builder-el-24  avia-builder-el-no-sibling '><h6 class='av-special-heading-tag'  itemprop=\"headline\"  >Su richiesta si organizzano weekend per le attivazioni reiki<\/h6><div class=\"special-heading-border\"><div class=\"special-heading-inner-border\"><\/div><\/div><\/div><\/div>\n","protected":false},"excerpt":{"rendered":"","protected":false},"author":1,"featured_media":0,"parent":0,"menu_order":0,"comment_status":"closed","ping_status":"closed","template":"","meta":{"footnotes":""},"class_list":["post-1020","page","type-page","status-publish","hentry"],"yoast_head":"<!-- This site is optimized with the Yoast SEO plugin v27.5 - https:\/\/yoast.com\/product\/yoast-seo-wordpress\/ -->\n<title>Giochi e corsi per insegnare lo yoga ai bambini<\/title>\n<meta name=\"description\" content=\"L&#039;associazione si rivolge a insegnanti e genitori offrendo corsi di formazione per insegnare lo yoga ai bambini, kit didattici, giochi e fiabe yoga.\" \/>\n<meta name=\"robots\" content=\"index, follow, max-snippet:-1, max-image-preview:large, max-video-preview:-1\" \/>\n<link rel=\"canonical\" href=\"https:\/\/yogacristallo.it\/en\/other-proposal\/\" \/>\n<meta property=\"og:locale\" content=\"en_US\" \/>\n<meta property=\"og:type\" content=\"article\" \/>\n<meta property=\"og:title\" content=\"Giochi e corsi per insegnare lo yoga ai bambini\" \/>\n<meta property=\"og:description\" content=\"L&#039;associazione si rivolge a insegnanti e genitori offrendo corsi di formazione per insegnare lo yoga ai bambini, kit didattici, giochi e fiabe yoga.\" \/>\n<meta property=\"og:url\" content=\"https:\/\/yogacristallo.it\/en\/other-proposal\/\" \/>\n<meta property=\"og:site_name\" content=\"Yoga Cristallo\" \/>\n<meta property=\"article:modified_time\" content=\"2018-09-20T14:00:17+00:00\" \/>\n<meta name=\"twitter:card\" content=\"summary_large_image\" \/>\n<meta name=\"twitter:label1\" content=\"Est. reading time\" \/>\n\t<meta name=\"twitter:data1\" content=\"10 minutes\" \/>\n<script type=\"application\/ld+json\" class=\"yoast-schema-graph\">{\"@context\":\"https:\\\/\\\/schema.org\",\"@graph\":[{\"@type\":\"WebPage\",\"@id\":\"https:\\\/\\\/yogacristallo.it\\\/en\\\/other-proposal\\\/\",\"url\":\"https:\\\/\\\/yogacristallo.it\\\/en\\\/other-proposal\\\/\",\"name\":\"Giochi e corsi per insegnare lo yoga ai bambini\",\"isPartOf\":{\"@id\":\"https:\\\/\\\/yogacristallo.it\\\/#website\"},\"datePublished\":\"2018-07-03T08:36:54+00:00\",\"dateModified\":\"2018-09-20T14:00:17+00:00\",\"description\":\"L'associazione si rivolge a insegnanti e genitori offrendo corsi di formazione per insegnare lo yoga ai bambini, kit didattici, giochi e fiabe yoga.\",\"breadcrumb\":{\"@id\":\"https:\\\/\\\/yogacristallo.it\\\/en\\\/other-proposal\\\/#breadcrumb\"},\"inLanguage\":\"en-US\",\"potentialAction\":[{\"@type\":\"ReadAction\",\"target\":[\"https:\\\/\\\/yogacristallo.it\\\/en\\\/other-proposal\\\/\"]}]},{\"@type\":\"BreadcrumbList\",\"@id\":\"https:\\\/\\\/yogacristallo.it\\\/en\\\/other-proposal\\\/#breadcrumb\",\"itemListElement\":[{\"@type\":\"ListItem\",\"position\":1,\"name\":\"Home\",\"item\":\"https:\\\/\\\/yogacristallo.it\\\/en\\\/\"},{\"@type\":\"ListItem\",\"position\":2,\"name\":\"Other proposal\"}]},{\"@type\":\"WebSite\",\"@id\":\"https:\\\/\\\/yogacristallo.it\\\/#website\",\"url\":\"https:\\\/\\\/yogacristallo.it\\\/\",\"name\":\"Yoga Cristallo\",\"description\":\"Giochi e corsi per insegnare lo yoga ai bambini\",\"potentialAction\":[{\"@type\":\"SearchAction\",\"target\":{\"@type\":\"EntryPoint\",\"urlTemplate\":\"https:\\\/\\\/yogacristallo.it\\\/?s={search_term_string}\"},\"query-input\":{\"@type\":\"PropertyValueSpecification\",\"valueRequired\":true,\"valueName\":\"search_term_string\"}}],\"inLanguage\":\"en-US\"}]}<\/script>\n<!-- \/ Yoast SEO plugin. -->","yoast_head_json":{"title":"Giochi e corsi per insegnare lo yoga ai bambini","description":"L'associazione si rivolge a insegnanti e genitori offrendo corsi di formazione per insegnare lo yoga ai bambini, kit didattici, giochi e fiabe yoga.","robots":{"index":"index","follow":"follow","max-snippet":"max-snippet:-1","max-image-preview":"max-image-preview:large","max-video-preview":"max-video-preview:-1"},"canonical":"https:\/\/yogacristallo.it\/en\/other-proposal\/","og_locale":"en_US","og_type":"article","og_title":"Giochi e corsi per insegnare lo yoga ai bambini","og_description":"L'associazione si rivolge a insegnanti e genitori offrendo corsi di formazione per insegnare lo yoga ai bambini, kit didattici, giochi e fiabe yoga.","og_url":"https:\/\/yogacristallo.it\/en\/other-proposal\/","og_site_name":"Yoga Cristallo","article_modified_time":"2018-09-20T14:00:17+00:00","twitter_card":"summary_large_image","twitter_misc":{"Est. reading time":"10 minutes"},"schema":{"@context":"https:\/\/schema.org","@graph":[{"@type":"WebPage","@id":"https:\/\/yogacristallo.it\/en\/other-proposal\/","url":"https:\/\/yogacristallo.it\/en\/other-proposal\/","name":"Giochi e corsi per insegnare lo yoga ai bambini","isPartOf":{"@id":"https:\/\/yogacristallo.it\/#website"},"datePublished":"2018-07-03T08:36:54+00:00","dateModified":"2018-09-20T14:00:17+00:00","description":"L'associazione si rivolge a insegnanti e genitori offrendo corsi di formazione per insegnare lo yoga ai bambini, kit didattici, giochi e fiabe yoga.","breadcrumb":{"@id":"https:\/\/yogacristallo.it\/en\/other-proposal\/#breadcrumb"},"inLanguage":"en-US","potentialAction":[{"@type":"ReadAction","target":["https:\/\/yogacristallo.it\/en\/other-proposal\/"]}]},{"@type":"BreadcrumbList","@id":"https:\/\/yogacristallo.it\/en\/other-proposal\/#breadcrumb","itemListElement":[{"@type":"ListItem","position":1,"name":"Home","item":"https:\/\/yogacristallo.it\/en\/"},{"@type":"ListItem","position":2,"name":"Other proposal"}]},{"@type":"WebSite","@id":"https:\/\/yogacristallo.it\/#website","url":"https:\/\/yogacristallo.it\/","name":"Yoga Cristallo","description":"Giochi e corsi per insegnare lo yoga ai bambini","potentialAction":[{"@type":"SearchAction","target":{"@type":"EntryPoint","urlTemplate":"https:\/\/yogacristallo.it\/?s={search_term_string}"},"query-input":{"@type":"PropertyValueSpecification","valueRequired":true,"valueName":"search_term_string"}}],"inLanguage":"en-US"}]}},"_links":{"self":[{"href":"https:\/\/yogacristallo.it\/en\/wp-json\/wp\/v2\/pages\/1020","targetHints":{"allow":["GET"]}}],"collection":[{"href":"https:\/\/yogacristallo.it\/en\/wp-json\/wp\/v2\/pages"}],"about":[{"href":"https:\/\/yogacristallo.it\/en\/wp-json\/wp\/v2\/types\/page"}],"author":[{"embeddable":true,"href":"https:\/\/yogacristallo.it\/en\/wp-json\/wp\/v2\/users\/1"}],"replies":[{"embeddable":true,"href":"https:\/\/yogacristallo.it\/en\/wp-json\/wp\/v2\/comments?post=1020"}],"version-history":[{"count":2,"href":"https:\/\/yogacristallo.it\/en\/wp-json\/wp\/v2\/pages\/1020\/revisions"}],"predecessor-version":[{"id":1023,"href":"https:\/\/yogacristallo.it\/en\/wp-json\/wp\/v2\/pages\/1020\/revisions\/1023"}],"wp:attachment":[{"href":"https:\/\/yogacristallo.it\/en\/wp-json\/wp\/v2\/media?parent=1020"}],"curies":[{"name":"wp","href":"https:\/\/api.w.org\/{rel}","templated":true}]}}