{"id":1098,"date":"2018-07-03T08:38:04","date_gmt":"2018-07-03T08:38:04","guid":{"rendered":"http:\/\/yogacristallo.it\/le-stelle-dei-desideri\/"},"modified":"2018-09-21T13:29:51","modified_gmt":"2018-09-21T13:29:51","slug":"wishing-stars","status":"publish","type":"page","link":"https:\/\/yogacristallo.it\/en\/wishing-stars\/","title":{"rendered":"Wishing stars"},"content":{"rendered":"\n<style type=\"text\/css\" data-created_by=\"avia_inline_auto\" id=\"style-css-av-jj8d0zef-d0ae8a6636543b670f5d74a693c1d155\">\n.avia-section.av-jj8d0zef-d0ae8a6636543b670f5d74a693c1d155 .av-parallax .av-parallax-inner{\nbackground-repeat:no-repeat;\nbackground-image:url(https:\/\/yogacristallo.it\/wp-content\/uploads\/2018\/07\/Yoga-Cristallo_bg-fiabe.jpg);\nbackground-position:50% 50%;\nbackground-attachment:scroll;\n}\n<\/style>\n<div id='av_section_1'  class='avia-section av-jj8d0zef-d0ae8a6636543b670f5d74a693c1d155 main_color avia-section-default avia-no-border-styling  avia-builder-el-0  el_before_av_two_fifth  avia-builder-el-first  avia-full-stretch av-parallax-section avia-bg-style-parallax av-minimum-height av-minimum-height-25 av-height-25  container_wrap fullsize'  data-section-bg-repeat='stretch' data-av_minimum_height_pc='25' data-av_min_height_opt='25'><div class='av-parallax' data-avia-parallax-ratio='0.3' ><div class='av-parallax-inner main_color avia-full-stretch'><\/div><\/div><div class='container av-section-cont-open' ><main  role=\"main\" itemprop=\"mainContentOfPage\"  class='template-page content  av-content-full alpha units'><div class='post-entry post-entry-type-page post-entry-1098'><div class='entry-content-wrapper clearfix'>\n\n<style type=\"text\/css\" data-created_by=\"avia_inline_auto\" id=\"style-css-av-1d93a-305e5b6acd67df32ba7e03d9c9381123\">\n.flex_column.av-1d93a-305e5b6acd67df32ba7e03d9c9381123{\nborder-radius:0px 0px 0px 0px;\npadding:0px 0px 0px 0px;\n}\n<\/style>\n<div  class='flex_column av-1d93a-305e5b6acd67df32ba7e03d9c9381123 av_one_full  avia-builder-el-1  avia-builder-el-no-sibling  first flex_column_div av-animated-generic fade-in av-zero-column-padding  '     ><style type=\"text\/css\" data-created_by=\"avia_inline_auto\" id=\"style-css-av-jmc1k3sb-1f159f6c8aa2db541298f0ceb3ad3279\">\n#top .av-special-heading.av-jmc1k3sb-1f159f6c8aa2db541298f0ceb3ad3279{\npadding-bottom:0;\ncolor:#ffffff;\n}\nbody .av-special-heading.av-jmc1k3sb-1f159f6c8aa2db541298f0ceb3ad3279 .av-special-heading-tag .heading-char{\nfont-size:25px;\n}\n.av-special-heading.av-jmc1k3sb-1f159f6c8aa2db541298f0ceb3ad3279 .special-heading-inner-border{\nborder-color:#ffffff;\n}\n.av-special-heading.av-jmc1k3sb-1f159f6c8aa2db541298f0ceb3ad3279 .av-subheading{\nfont-size:15px;\n}\n<\/style>\n<div  class='av-special-heading av-jmc1k3sb-1f159f6c8aa2db541298f0ceb3ad3279 av-special-heading-h1 custom-color-heading blockquote modern-quote modern-centered  avia-builder-el-2  avia-builder-el-no-sibling '><h1 class='av-special-heading-tag'  itemprop=\"headline\"  >Wishing stars<\/h1><div class=\"special-heading-border\"><div class=\"special-heading-inner-border\"><\/div><\/div><\/div><\/div><\/div><\/div><\/main><!-- close content main element --><\/div><\/div><div id='after_section_1'  class='main_color av_default_container_wrap container_wrap fullsize'  ><div class='container av-section-cont-open' ><div class='template-page content  av-content-full alpha units'><div class='post-entry post-entry-type-page post-entry-1098'><div class='entry-content-wrapper clearfix'><div class='flex_column_table av-10hfu-8ddfc3f6eae0f928b61839accce7a5a0 sc-av_two_fifth av-equal-height-column-flextable'>\n<style type=\"text\/css\" data-created_by=\"avia_inline_auto\" id=\"style-css-av-10hfu-8ddfc3f6eae0f928b61839accce7a5a0\">\n.flex_column.av-10hfu-8ddfc3f6eae0f928b61839accce7a5a0{\nborder-radius:0px 0px 0px 0px;\npadding:0px 0px 0px 0px;\n}\n<\/style>\n<div  class='flex_column av-10hfu-8ddfc3f6eae0f928b61839accce7a5a0 av_two_fifth  avia-builder-el-3  el_after_av_section  el_before_av_three_fifth  avia-builder-el-first  first flex_column_table_cell av-equal-height-column av-align-middle av-animated-generic fade-in av-zero-column-padding  '     ><div  class='avia-slideshow av-jjebttww-4c2ce9ee88854c4cfcc6f192800afdba avia-slideshow-no scaling av_slideshow avia-fade-slider  avia-builder-el-4  avia-builder-el-no-sibling  av-slideshow-ui av-control-default av-slideshow-autoplay av-loop-endless av-loop-manual-endless av-default-height-applied avia-slideshow-1' data-slideshow-options=\"{&quot;animation&quot;:&quot;fade&quot;,&quot;autoplay&quot;:true,&quot;loop_autoplay&quot;:&quot;endless&quot;,&quot;interval&quot;:3,&quot;loop_manual&quot;:&quot;manual-endless&quot;,&quot;autoplay_stopper&quot;:false,&quot;noNavigation&quot;:false,&quot;bg_slider&quot;:false,&quot;keep_padding&quot;:false,&quot;hoverpause&quot;:false,&quot;show_slide_delay&quot;:0}\"  itemprop=\"image\" itemscope=\"itemscope\" itemtype=\"https:\/\/schema.org\/ImageObject\" ><ul class='avia-slideshow-inner ' style='padding-bottom: 133.33333333333%;'><li  class='avia-slideshow-slide av-jjebttww-4c2ce9ee88854c4cfcc6f192800afdba__0  slide-1 slide-odd'><div data-rel='slideshow-1' class='avia-slide-wrap '   ><img decoding=\"async\" fetchpriority=\"high\" class=\"wp-image-695 avia-img-lazy-loading-not-695\"  src=\"https:\/\/yogacristallo.it\/wp-content\/uploads\/2018\/07\/Yoga-Cristallo_fiaba_stelle-desideri.jpg\" width=\"600\" height=\"800\" title='Yoga-Cristallo_fiaba_stelle-desideri' alt=''  itemprop=\"thumbnailUrl\" srcset=\"https:\/\/yogacristallo.it\/wp-content\/uploads\/2018\/07\/Yoga-Cristallo_fiaba_stelle-desideri.jpg 600w, https:\/\/yogacristallo.it\/wp-content\/uploads\/2018\/07\/Yoga-Cristallo_fiaba_stelle-desideri-225x300.jpg 225w, https:\/\/yogacristallo.it\/wp-content\/uploads\/2018\/07\/Yoga-Cristallo_fiaba_stelle-desideri-529x705.jpg 529w, https:\/\/yogacristallo.it\/wp-content\/uploads\/2018\/07\/Yoga-Cristallo_fiaba_stelle-desideri-450x600.jpg 450w\" sizes=\"(max-width: 600px) 100vw, 600px\" \/><\/div><\/li><li  class='avia-slideshow-slide av-jjebttww-4c2ce9ee88854c4cfcc6f192800afdba__1  slide-2 slide-even'><div data-rel='slideshow-1' class='avia-slide-wrap '   ><img decoding=\"async\" fetchpriority=\"high\" class=\"wp-image-697 avia-img-lazy-loading-not-697\"  src=\"https:\/\/yogacristallo.it\/wp-content\/uploads\/2018\/07\/Yoga-Cristallo_fiaba_stelle-desideri-2.jpg\" width=\"600\" height=\"800\" title='Yoga-Cristallo_fiaba_stelle-desideri-2' alt=''  itemprop=\"thumbnailUrl\" srcset=\"https:\/\/yogacristallo.it\/wp-content\/uploads\/2018\/07\/Yoga-Cristallo_fiaba_stelle-desideri-2.jpg 600w, https:\/\/yogacristallo.it\/wp-content\/uploads\/2018\/07\/Yoga-Cristallo_fiaba_stelle-desideri-2-225x300.jpg 225w, https:\/\/yogacristallo.it\/wp-content\/uploads\/2018\/07\/Yoga-Cristallo_fiaba_stelle-desideri-2-529x705.jpg 529w, https:\/\/yogacristallo.it\/wp-content\/uploads\/2018\/07\/Yoga-Cristallo_fiaba_stelle-desideri-2-450x600.jpg 450w\" sizes=\"(max-width: 600px) 100vw, 600px\" \/><\/div><\/li><li  class='avia-slideshow-slide av-jjebttww-4c2ce9ee88854c4cfcc6f192800afdba__2  slide-3 slide-odd'><div data-rel='slideshow-1' class='avia-slide-wrap '   ><img decoding=\"async\" fetchpriority=\"high\" class=\"wp-image-699 avia-img-lazy-loading-not-699\"  src=\"https:\/\/yogacristallo.it\/wp-content\/uploads\/2018\/07\/Yoga-Cristallo_fiaba_stelle-desideri-3.jpg\" width=\"600\" height=\"800\" title='Yoga-Cristallo_fiaba_stelle-desideri-3' alt=''  itemprop=\"thumbnailUrl\" srcset=\"https:\/\/yogacristallo.it\/wp-content\/uploads\/2018\/07\/Yoga-Cristallo_fiaba_stelle-desideri-3.jpg 600w, https:\/\/yogacristallo.it\/wp-content\/uploads\/2018\/07\/Yoga-Cristallo_fiaba_stelle-desideri-3-225x300.jpg 225w, https:\/\/yogacristallo.it\/wp-content\/uploads\/2018\/07\/Yoga-Cristallo_fiaba_stelle-desideri-3-529x705.jpg 529w, https:\/\/yogacristallo.it\/wp-content\/uploads\/2018\/07\/Yoga-Cristallo_fiaba_stelle-desideri-3-450x600.jpg 450w\" sizes=\"(max-width: 600px) 100vw, 600px\" \/><\/div><\/li><\/ul><div class='avia-slideshow-arrows avia-slideshow-controls' ><a href='#prev' class='prev-slide ' aria-hidden='true' data-av_icon='\ue87c' data-av_iconfont='entypo-fontello'  tabindex='-1'>Previous<\/a><a href='#next' class='next-slide ' aria-hidden='true' data-av_icon='\ue87d' data-av_iconfont='entypo-fontello'  tabindex='-1'>Next<\/a><\/div><div class='avia-slideshow-dots avia-slideshow-controls'><a href='#1' class='goto-slide active' >1<\/a><a href='#2' class='goto-slide ' >2<\/a><a href='#3' class='goto-slide ' >3<\/a><\/div><\/div><\/div><\/p>\n<div class='av-flex-placeholder'><\/div>\n<style type=\"text\/css\" data-created_by=\"avia_inline_auto\" id=\"style-css-av-10hfu-0269d21faecdf292e3ebdc00e69ef1b5\">\n.flex_column.av-10hfu-0269d21faecdf292e3ebdc00e69ef1b5{\nborder-radius:0px 0px 0px 0px;\npadding:0px 0px 0px 0px;\n}\n<\/style>\n<div  class='flex_column av-10hfu-0269d21faecdf292e3ebdc00e69ef1b5 av_three_fifth  avia-builder-el-5  el_after_av_two_fifth  el_before_av_hr  flex_column_table_cell av-equal-height-column av-align-middle av-animated-generic fade-in av-zero-column-padding  '     ><section  class='av_textblock_section av-jix58caj-dcaf6ef4268fb6080c4272a1655f58b9 '   itemscope=\"itemscope\" itemtype=\"https:\/\/schema.org\/CreativeWork\" ><div class='avia_textblock'  itemprop=\"text\" ><p>Questa storia ha inizio in un piccolo villaggio, qui c\u2019era un\u2019antica tradizione: ogni volta che nasceva un bimbo si affidava ad una stella un desiderio per rendere luminosa la vita del piccolo nato e degli abitanti. Per questo motivo ogni notte il cielo che illuminava il villaggio non portava solo luce ma diffondeva i desideri espressi. La pace, la tranquillit\u00e0, la salute, la gioia, la prosperit\u00e0 erano alcuni tra i desideri che le stelle portavano. Per questo motivo nel villaggio la vita trascorreva in totale armonia.<\/p>\n<p>Una notte, pi\u00f9 buia delle altre, una strana nuvola pass\u00f2 sopra il cielo del villaggio. Non era una nube qualunque, carica di pioggia, era una nube pi\u00f9 cupa. Era carica di rabbia, paure, insicurezze. Mentre la nube passava si port\u00f2 via tutte le stelle dal cielo. Con la luce, se ne andarono anche tutti i desideri degli abitanti. Da quella notte nel villaggio non ci fu pi\u00f9 \u00a0pace, tutti cominciarono a litigare, ad urlare, ad essere tristi e impauriti.<\/p>\n<p>La situazione era disperata, non ci si riusciva pi\u00f9 ad ascoltare, a comprendersi, era come se ognuno avesse cominciato a parlare una lingua incomprensibile agli altri. Tutta questa malvagit\u00e0 per\u00f2 non aveva intaccato un gruppo di bambini, che continuavano a mantenere un cuore puro. Essi decisero che cos\u00ec non si poteva continuare, e partirono alla ricerca della nube scura.<\/p>\n<\/div><\/section><\/div><\/div><!--close column table wrapper. Autoclose: 1 -->\n\n<style type=\"text\/css\" data-created_by=\"avia_inline_auto\" id=\"style-css-av-jjectq0l-b46a74bac4fffde4eea7852c3c6b91b3\">\n#top .hr.hr-invisible.av-jjectq0l-b46a74bac4fffde4eea7852c3c6b91b3{\nheight:20px;\n}\n<\/style>\n<div  class='hr av-jjectq0l-b46a74bac4fffde4eea7852c3c6b91b3 hr-invisible  avia-builder-el-7  el_after_av_three_fifth  el_before_av_one_full '><span class='hr-inner '><span class=\"hr-inner-style\"><\/span><\/span><\/div>\n<div class='flex_column_table av-10hfu-cc45af1436318aa02e0925995a80a459 sc-av_one_full av-break-at-tablet-flextable av-equal-height-column-flextable'>\n<style type=\"text\/css\" data-created_by=\"avia_inline_auto\" id=\"style-css-av-10hfu-cc45af1436318aa02e0925995a80a459\">\n.flex_column.av-10hfu-cc45af1436318aa02e0925995a80a459{\nborder-radius:0px 0px 0px 0px;\npadding:0px 0px 0px 0px;\n}\n<\/style>\n<div  class='flex_column av-10hfu-cc45af1436318aa02e0925995a80a459 av_one_full  avia-builder-el-8  el_after_av_hr  avia-builder-el-last  first av-break-at-tablet flex_column_table_cell av-equal-height-column av-align-middle av-animated-generic fade-in av-zero-column-padding  '     ><section  class='av_textblock_section av-jix58caj-dcaf6ef4268fb6080c4272a1655f58b9 '   itemscope=\"itemscope\" itemtype=\"https:\/\/schema.org\/CreativeWork\" ><div class='avia_textblock'  itemprop=\"text\" ><p>Si inoltrarono nel fitto della foresta (guidare i bimbi con diverse andature: grandi passi, allungarsi, abbassarsi ecc\u2026. con una musica di percussioni) ad un certo punto si trovarono davanti una vecchia\u00a0<strong>tartaruga<\/strong>. Le raccontarono tutta \u00a0la storia e lei quasi innervosita dalle voci dei bimbi disse con fare stizzito \u201cPerch\u00e9 mai dovrei aiutarvi, mi state solo disturbando il sonno, lasciatemi in pace\u201d Una timida bimba le rispose \u201cSe ci aiuterai noi potremmo recuperare i nostri sogni e tu diventeresti la nostra salvatrice nonch\u00e9 grande amica\u201d. Alla tartaruga, che tra le altre cose era un po\u2019 vanitosa, piaceva sentire complimenti, e il pensiero di essere una salvatrice la lusing\u00f2 a tal punto che disse \u201cL\u2019unico aiuto che vi posso dare \u00e8 questo: andate a cercare il leone bianco, re della foresta incantata, lui conosce tutto e di sicuro vi aiuter\u00e0 a trovare la nube che state cercando\u201d<\/p>\n<p>I bimbi la ringraziarono, le diedero un grande abbraccio e ripartirono alla ricerca del leone bianco (guidare i bimbi con diverse andature: grandi passi, allungarsi, abbassarsi ecc\u2026. con una musica di percussioni). Dopo molto tempo che camminavano giunsero ad un punto del bosco dove gli alberi erano meno fitti, e dove c\u2019era un grande prato. I bimbi videro una nuvola\u00a0 dalla quale apparve il\u00a0<strong>leone<\/strong>bianco. Anche a lui raccontarono quello che era accaduto nel loro villaggio e il leone disse: \u201dLa nube che cercate si nasconde in una grotta ai confini del bosco, l\u00ec si trovano tutti i tesori che ruba\u201d. I bambini entusiasti gridarono di gioia e stavano per partire quando il leone li blocc\u00f2: \u201cCos\u00ec come siete non potete di sicuro fermarla, lei \u00e8 pi\u00f9 forte di voi, vi farebbe sparire in un batter d\u2019occhio\u201d. \u201cAllora cosa possiamo fare\u201d chiesero in coro i bambini. \u201cVi far\u00f2 aiutare dal mio amico, il guerriero di luce, lui sar\u00e0 qui tra tre giorni e vi insegner\u00e0 come sconfiggere la nuvola\u201d. I bambini attesero tre giorni l\u2019arrivo del guerriero che puntuale alla mattina del terzo giorno apparve.<\/p>\n<p>Il leone e il guerriero erano vecchi amici, avevano combattuto molte battaglie insieme. Dopo che il leone ebbe raccontato al guerriero cosa era successo al villaggio lui fu felice di insegnare ai bimbi le tre posizioni per sconfiggere la nube.<\/p>\n<p>\u201cPer prima cosa disse dobbiamo recuperare la nostra forza e il nostro coraggio\u201d (<strong>posizione dell\u2019eroe<\/strong>: fare un passo avanti, sollevare le braccia, unire i palmi delle mani e piegare il ginocchio della gamba davanti. A dx. e a sx.)<\/p>\n<p>\u201cPoi ci dobbiamo creare lo scudo di luce, per essere ben protetti\u201d (esercizio\u00a0<strong>dell\u2019uovo luminoso<\/strong>\u00a0con cui ci si disegna con un movimento delle mani,\u00a0 un grande uovo intorno al corpo, lo si immagina fatto di luce)<\/p>\n<p>\u201cPer ultima cosa lanceremo la luce contro alla nube\u201d (posizione della\u00a0<strong>danza di shiva<\/strong>: si flette la gamba sx. e si afferra la caviglia con la mano sx., si solleva il draccio dx. e ci si flette in avanti, immaginando di mandare luce dalla mano. Si fa da entrambi ilati del corpo)<\/p>\n<p>\u201cOra siete pronti per affrontare il vostro nemico, mi raccomando fate attenzione\u201d. I bambini si inchinarono (<strong>gesto del saluto<\/strong>) davanti al guerriero e al leone come segno di ringraziamento e poi partirono per cercare la grotta dove si nascondeva la perfida nube. (guidare di nuovo con andature diverse per sperimentare il corpo).<\/p>\n<p>Dopo un giorno intero di cammino il gruppo arriv\u00f2 davanti alla grotta della nube, che non appena fiut\u00f2 il loro arrivo li affront\u00f2: \u201cCosa volete mai farmi, voi cos\u00ec piccoli e deboli, non conoscete quanto sono potente? Ho portato via i vostri desideri, inghiottir\u00f2 anche voi\u201d. \u201cNo!\u201d,\u00a0 gridarono in coro i bambini, \u201cnoi ci riprenderemo le stelle rubate\u201d, \u201ce come pensate di fare\u201d ridacchi\u00f2 la nube. I bambini in men che non si dica fecero le tre posizioni imparate dal guerriero di luce e la nube cominci\u00f2 dapprima a ridursi e poi spar\u00ec completamente. I bimbi poterono recuperare le stelle perdute e con esse i loro desideri. Le riportarono al villaggio e la sera si fece una grande festa, dove si ball\u00f2 (si pu\u00f2 fare una danza libera o in cerchio con una musica allegra)e tutte le stelle ritrovate furono ridonate cielo. Da quella notte la luce e i sogni restarono a proteggere tutti gli abitanti del villaggio.<\/p>\n<p>Breve rilassamento da fare dopo l\u2019avventura vissuta.<\/p>\n<\/div><\/section><\/div><\/div><!--close column table wrapper. Autoclose: 1 -->\n","protected":false},"excerpt":{"rendered":"","protected":false},"author":1,"featured_media":0,"parent":0,"menu_order":0,"comment_status":"closed","ping_status":"closed","template":"","meta":{"footnotes":""},"class_list":["post-1098","page","type-page","status-publish","hentry"],"yoast_head":"<!-- This site is optimized with the Yoast SEO plugin v27.5 - https:\/\/yoast.com\/product\/yoast-seo-wordpress\/ -->\n<title>Wishing stars - Yoga Cristallo<\/title>\n<meta name=\"description\" content=\"L&#039;associazione si rivolge a insegnanti e genitori offrendo corsi di formazione per insegnare lo yoga ai bambini, kit didattici, giochi e fiabe yoga\" \/>\n<meta name=\"robots\" content=\"index, follow, max-snippet:-1, max-image-preview:large, max-video-preview:-1\" \/>\n<link rel=\"canonical\" href=\"https:\/\/yogacristallo.it\/en\/wishing-stars\/\" \/>\n<meta property=\"og:locale\" content=\"en_US\" \/>\n<meta property=\"og:type\" content=\"article\" \/>\n<meta property=\"og:title\" content=\"Wishing stars - Yoga Cristallo\" \/>\n<meta property=\"og:description\" content=\"L&#039;associazione si rivolge a insegnanti e genitori offrendo corsi di formazione per insegnare lo yoga ai bambini, kit didattici, giochi e fiabe yoga\" \/>\n<meta property=\"og:url\" content=\"https:\/\/yogacristallo.it\/en\/wishing-stars\/\" \/>\n<meta property=\"og:site_name\" content=\"Yoga Cristallo\" \/>\n<meta property=\"article:modified_time\" content=\"2018-09-21T13:29:51+00:00\" \/>\n<meta name=\"twitter:card\" content=\"summary_large_image\" \/>\n<meta name=\"twitter:label1\" content=\"Est. reading time\" \/>\n\t<meta name=\"twitter:data1\" content=\"8 minutes\" \/>\n<script type=\"application\/ld+json\" class=\"yoast-schema-graph\">{\"@context\":\"https:\\\/\\\/schema.org\",\"@graph\":[{\"@type\":\"WebPage\",\"@id\":\"https:\\\/\\\/yogacristallo.it\\\/en\\\/wishing-stars\\\/\",\"url\":\"https:\\\/\\\/yogacristallo.it\\\/en\\\/wishing-stars\\\/\",\"name\":\"Wishing stars - Yoga Cristallo\",\"isPartOf\":{\"@id\":\"https:\\\/\\\/yogacristallo.it\\\/#website\"},\"datePublished\":\"2018-07-03T08:38:04+00:00\",\"dateModified\":\"2018-09-21T13:29:51+00:00\",\"description\":\"L'associazione si rivolge a insegnanti e genitori offrendo corsi di formazione per insegnare lo yoga ai bambini, kit didattici, giochi e fiabe yoga\",\"breadcrumb\":{\"@id\":\"https:\\\/\\\/yogacristallo.it\\\/en\\\/wishing-stars\\\/#breadcrumb\"},\"inLanguage\":\"en-US\",\"potentialAction\":[{\"@type\":\"ReadAction\",\"target\":[\"https:\\\/\\\/yogacristallo.it\\\/en\\\/wishing-stars\\\/\"]}]},{\"@type\":\"BreadcrumbList\",\"@id\":\"https:\\\/\\\/yogacristallo.it\\\/en\\\/wishing-stars\\\/#breadcrumb\",\"itemListElement\":[{\"@type\":\"ListItem\",\"position\":1,\"name\":\"Home\",\"item\":\"https:\\\/\\\/yogacristallo.it\\\/en\\\/\"},{\"@type\":\"ListItem\",\"position\":2,\"name\":\"Wishing stars\"}]},{\"@type\":\"WebSite\",\"@id\":\"https:\\\/\\\/yogacristallo.it\\\/#website\",\"url\":\"https:\\\/\\\/yogacristallo.it\\\/\",\"name\":\"Yoga Cristallo\",\"description\":\"Giochi e corsi per insegnare lo yoga ai bambini\",\"potentialAction\":[{\"@type\":\"SearchAction\",\"target\":{\"@type\":\"EntryPoint\",\"urlTemplate\":\"https:\\\/\\\/yogacristallo.it\\\/?s={search_term_string}\"},\"query-input\":{\"@type\":\"PropertyValueSpecification\",\"valueRequired\":true,\"valueName\":\"search_term_string\"}}],\"inLanguage\":\"en-US\"}]}<\/script>\n<!-- \/ Yoast SEO plugin. -->","yoast_head_json":{"title":"Wishing stars - Yoga Cristallo","description":"L'associazione si rivolge a insegnanti e genitori offrendo corsi di formazione per insegnare lo yoga ai bambini, kit didattici, giochi e fiabe yoga","robots":{"index":"index","follow":"follow","max-snippet":"max-snippet:-1","max-image-preview":"max-image-preview:large","max-video-preview":"max-video-preview:-1"},"canonical":"https:\/\/yogacristallo.it\/en\/wishing-stars\/","og_locale":"en_US","og_type":"article","og_title":"Wishing stars - Yoga Cristallo","og_description":"L'associazione si rivolge a insegnanti e genitori offrendo corsi di formazione per insegnare lo yoga ai bambini, kit didattici, giochi e fiabe yoga","og_url":"https:\/\/yogacristallo.it\/en\/wishing-stars\/","og_site_name":"Yoga Cristallo","article_modified_time":"2018-09-21T13:29:51+00:00","twitter_card":"summary_large_image","twitter_misc":{"Est. reading time":"8 minutes"},"schema":{"@context":"https:\/\/schema.org","@graph":[{"@type":"WebPage","@id":"https:\/\/yogacristallo.it\/en\/wishing-stars\/","url":"https:\/\/yogacristallo.it\/en\/wishing-stars\/","name":"Wishing stars - Yoga Cristallo","isPartOf":{"@id":"https:\/\/yogacristallo.it\/#website"},"datePublished":"2018-07-03T08:38:04+00:00","dateModified":"2018-09-21T13:29:51+00:00","description":"L'associazione si rivolge a insegnanti e genitori offrendo corsi di formazione per insegnare lo yoga ai bambini, kit didattici, giochi e fiabe yoga","breadcrumb":{"@id":"https:\/\/yogacristallo.it\/en\/wishing-stars\/#breadcrumb"},"inLanguage":"en-US","potentialAction":[{"@type":"ReadAction","target":["https:\/\/yogacristallo.it\/en\/wishing-stars\/"]}]},{"@type":"BreadcrumbList","@id":"https:\/\/yogacristallo.it\/en\/wishing-stars\/#breadcrumb","itemListElement":[{"@type":"ListItem","position":1,"name":"Home","item":"https:\/\/yogacristallo.it\/en\/"},{"@type":"ListItem","position":2,"name":"Wishing stars"}]},{"@type":"WebSite","@id":"https:\/\/yogacristallo.it\/#website","url":"https:\/\/yogacristallo.it\/","name":"Yoga Cristallo","description":"Giochi e corsi per insegnare lo yoga ai bambini","potentialAction":[{"@type":"SearchAction","target":{"@type":"EntryPoint","urlTemplate":"https:\/\/yogacristallo.it\/?s={search_term_string}"},"query-input":{"@type":"PropertyValueSpecification","valueRequired":true,"valueName":"search_term_string"}}],"inLanguage":"en-US"}]}},"_links":{"self":[{"href":"https:\/\/yogacristallo.it\/en\/wp-json\/wp\/v2\/pages\/1098","targetHints":{"allow":["GET"]}}],"collection":[{"href":"https:\/\/yogacristallo.it\/en\/wp-json\/wp\/v2\/pages"}],"about":[{"href":"https:\/\/yogacristallo.it\/en\/wp-json\/wp\/v2\/types\/page"}],"author":[{"embeddable":true,"href":"https:\/\/yogacristallo.it\/en\/wp-json\/wp\/v2\/users\/1"}],"replies":[{"embeddable":true,"href":"https:\/\/yogacristallo.it\/en\/wp-json\/wp\/v2\/comments?post=1098"}],"version-history":[{"count":2,"href":"https:\/\/yogacristallo.it\/en\/wp-json\/wp\/v2\/pages\/1098\/revisions"}],"predecessor-version":[{"id":1158,"href":"https:\/\/yogacristallo.it\/en\/wp-json\/wp\/v2\/pages\/1098\/revisions\/1158"}],"wp:attachment":[{"href":"https:\/\/yogacristallo.it\/en\/wp-json\/wp\/v2\/media?parent=1098"}],"curies":[{"name":"wp","href":"https:\/\/api.w.org\/{rel}","templated":true}]}}